{"id":51,"date":"2015-02-12T15:51:33","date_gmt":"2015-02-12T15:51:33","guid":{"rendered":"http:\/\/www.sping.si\/?page_id=51"},"modified":"2025-10-08T17:07:12","modified_gmt":"2025-10-08T17:07:12","slug":"reference","status":"publish","type":"page","link":"https:\/\/www.sping.si\/?page_id=51","title":{"rendered":"Reference"},"content":{"rendered":"<ul>\n<li style=\"text-align: justify;\">Osnovna \u0161ola Ljudski vrt<\/li>\n<li style=\"text-align: justify;\">Osnovna \u0161ola Olge Megli\u010d<\/li>\n<li style=\"text-align: justify;\">Osnovna \u0161ola Mladika<\/li>\n<li style=\"text-align: justify;\">Osnovna \u0161ola Dornava &#8211; prizidek<\/li>\n<li style=\"text-align: justify;\">Osnovna \u0161ola Benedikt<\/li>\n<li style=\"text-align: justify;\">Cestninska postaja Pesnica<\/li>\n<li style=\"text-align: justify;\">Obrtna zbornica Ptuj<\/li>\n<li style=\"text-align: justify;\">Vrtec Ptuj<\/li>\n<li style=\"text-align: justify;\">Box Mark d.o.o Kidri\u010devo<\/li>\n<li style=\"text-align: justify;\">Revitalizacija malega gradu na Ptuju<\/li>\n<li style=\"text-align: justify;\">Vite\u0161ka dvorana na gradu Ptuj<\/li>\n<li style=\"text-align: justify;\">Zdravstveni dom Ptuj<\/li>\n<li style=\"text-align: justify;\">Kulturni dom Roga\u0161ka Slatina<\/li>\n<li style=\"text-align: justify;\">Talum d.d ( upravna zgradba )<\/li>\n<li style=\"text-align: justify;\">Ptujske pekarne in sla\u0161\u010di\u010darne<\/li>\n<li style=\"text-align: justify;\">Trgovina Ergotu\u0161 Ptuj<\/li>\n<li style=\"text-align: justify;\">Lekarna Ptuj<\/li>\n<li style=\"text-align: justify;\">Hotel Mitra na Ptuju<\/li>\n<li style=\"text-align: justify;\">Blok Radvanje<\/li>\n<li style=\"text-align: justify;\">TC Merkur Ptuj<\/li>\n<li style=\"text-align: justify;\">Perutnina Ptuj ( napisi )<\/li>\n<li style=\"text-align: justify;\">Don caffe (slika)<\/li>\n<\/ul>\n","protected":false},"excerpt":{"rendered":"<p>Osnovna \u0161ola Ljudski vrt Osnovna \u0161ola Olge Megli\u010d Osnovna \u0161ola Mladika Osnovna \u0161ola Dornava &#8211; prizidek Osnovna \u0161ola Benedikt Cestninska postaja Pesnica Obrtna zbornica Ptuj Vrtec Ptuj Box Mark d.o.o Kidri\u010devo Revitalizacija malega gradu na Ptuju Vite\u0161ka dvorana na gradu Ptuj Zdravstveni dom Ptuj Kulturni dom Roga\u0161ka Slatina Talum d.d \u2026<\/p>\n<p class=\"continue-reading-button\"> <a class=\"continue-reading-link\" href=\"https:\/\/www.sping.si\/?page_id=51\">Continue reading<i class=\"crycon-right-dir\"><\/i><\/a><\/p>\n","protected":false},"author":1,"featured_media":0,"parent":0,"menu_order":0,"comment_status":"closed","ping_status":"open","template":"","meta":[],"_links":{"self":[{"href":"https:\/\/www.sping.si\/index.php?rest_route=\/wp\/v2\/pages\/51"}],"collection":[{"href":"https:\/\/www.sping.si\/index.php?rest_route=\/wp\/v2\/pages"}],"about":[{"href":"https:\/\/www.sping.si\/index.php?rest_route=\/wp\/v2\/types\/page"}],"author":[{"embeddable":true,"href":"https:\/\/www.sping.si\/index.php?rest_route=\/wp\/v2\/users\/1"}],"replies":[{"embeddable":true,"href":"https:\/\/www.sping.si\/index.php?rest_route=%2Fwp%2Fv2%2Fcomments&post=51"}],"version-history":[{"count":1,"href":"https:\/\/www.sping.si\/index.php?rest_route=\/wp\/v2\/pages\/51\/revisions"}],"predecessor-version":[{"id":52,"href":"https:\/\/www.sping.si\/index.php?rest_route=\/wp\/v2\/pages\/51\/revisions\/52"}],"wp:attachment":[{"href":"https:\/\/www.sping.si\/index.php?rest_route=%2Fwp%2Fv2%2Fmedia&parent=51"}],"curies":[{"name":"wp","href":"https:\/\/api.w.org\/{rel}","templated":true}]}}