{"id":2,"date":"2015-02-12T14:08:21","date_gmt":"2015-02-12T14:08:21","guid":{"rendered":"http:\/\/www.sping.si\/?page_id=2"},"modified":"2025-10-08T17:05:05","modified_gmt":"2025-10-08T17:05:05","slug":"sample-page","status":"publish","type":"page","link":"https:\/\/www.sping.si\/","title":{"rendered":"Domov"},"content":{"rendered":"<p style=\"text-align: center;\">Lep pozdrav in dobrodo\u0161li na spletni strani<\/p>\n<blockquote>\n<p style=\"text-align: center;\">SPING TEAM d.o.o.<\/p>\n<p style=\"text-align: center;\">Cesta 8. avgusta 17D, 2250 Ptuj<\/p>\n<\/blockquote>\n<p style=\"text-align: center;\">Podjetje predstavlja nadaljevanje dru\u017einske obrti in je rezultat dolgoletnega truda \u017ee iz leta 1989.<\/p>\n<p style=\"text-align: center;\">Predstavljamo \u0161iroko paleto storitev, ki si jo podrobneje lahko ogledate pod rubriko Ponudba.<\/p>\n<p style=\"text-align: center;\">Nudimo tehni\u010dno ter strokovno svetovanje<\/p>\n","protected":false},"excerpt":{"rendered":"<p>Lep pozdrav in dobrodo\u0161li na spletni strani SPING TEAM d.o.o. Cesta 8. avgusta 17D, 2250 Ptuj Podjetje predstavlja nadaljevanje dru\u017einske obrti in je rezultat dolgoletnega truda \u017ee iz leta 1989. Predstavljamo \u0161iroko paleto storitev, ki si jo podrobneje lahko ogledate pod rubriko Ponudba. Nudimo tehni\u010dno ter strokovno svetovanje<\/p>\n<p class=\"continue-reading-button\"> <a class=\"continue-reading-link\" href=\"https:\/\/www.sping.si\/\">Continue reading<i class=\"crycon-right-dir\"><\/i><\/a><\/p>\n","protected":false},"author":1,"featured_media":0,"parent":0,"menu_order":0,"comment_status":"closed","ping_status":"open","template":"","meta":[],"_links":{"self":[{"href":"https:\/\/www.sping.si\/index.php?rest_route=\/wp\/v2\/pages\/2"}],"collection":[{"href":"https:\/\/www.sping.si\/index.php?rest_route=\/wp\/v2\/pages"}],"about":[{"href":"https:\/\/www.sping.si\/index.php?rest_route=\/wp\/v2\/types\/page"}],"author":[{"embeddable":true,"href":"https:\/\/www.sping.si\/index.php?rest_route=\/wp\/v2\/users\/1"}],"replies":[{"embeddable":true,"href":"https:\/\/www.sping.si\/index.php?rest_route=%2Fwp%2Fv2%2Fcomments&post=2"}],"version-history":[{"count":5,"href":"https:\/\/www.sping.si\/index.php?rest_route=\/wp\/v2\/pages\/2\/revisions"}],"predecessor-version":[{"id":88,"href":"https:\/\/www.sping.si\/index.php?rest_route=\/wp\/v2\/pages\/2\/revisions\/88"}],"wp:attachment":[{"href":"https:\/\/www.sping.si\/index.php?rest_route=%2Fwp%2Fv2%2Fmedia&parent=2"}],"curies":[{"name":"wp","href":"https:\/\/api.w.org\/{rel}","templated":true}]}}